{"id":37877,"date":"2026-04-26T00:45:02","date_gmt":"2026-04-26T03:45:02","guid":{"rendered":""},"modified":"2026-04-26T01:03:42","modified_gmt":"2026-04-26T04:03:42","slug":"ia-360","status":"publish","type":"page","link":"https:\/\/www.viejotucuman.ar\/?page_id=37877","title":{"rendered":"IA 360"},"content":{"rendered":"\t\t<section class=\"vt-360-list\">\n\t\t\t<div class=\"vt-360-list__header\">\n\t\t\t\t<p class=\"vt-360-block__eyebrow\">Coleccion IA 360<\/p>\n\t\t\t\t<h2>Panoramicas disponibles<\/h2>\n\t\t\t<\/div>\n\t\t\t<div class=\"vt-360-list__grid\">\n\t\t\t\t\t\t\t\t\t\t\t\t\t\t\t<article class=\"vt-360-list__card\">\n\t\t\t\t\t\t\t<a class=\"vt-360-list__thumb\" href=\"https:\/\/www.viejotucuman.ar\/?vt_ia360=ia-360\" aria-label=\"Las Heras (San Mart\u00edn) y 25 de Mayo. [c.1900]\">\n\t\t\t\t\t\t\t\t\t\t\t\t\t\t\t\t\t<img decoding=\"async\" src=\"https:\/\/www.viejotucuman.ar\/wp-content\/uploads\/2026\/04\/xcabildo10.png\" alt=\"Las Heras (San Mart\u00edn) y 25 de Mayo. [c.1900]\">\n\t\t\t\t\t\t\t\t\t\t\t\t\t\t\t<\/a>\n\t\t\t\t\t\t\t<div class=\"vt-360-list__body\">\n\t\t\t\t\t\t\t\t<p class=\"vt-360-list__code\"><\/p>\n\t\t\t\t\t\t\t\t<h3><a href=\"https:\/\/www.viejotucuman.ar\/?vt_ia360=ia-360\">Las Heras (San Mart\u00edn) y 25 de Mayo. [c.1900]<\/a><\/h3>\n\t\t\t\t\t\t\t\t<p><\/p>\n\t\t\t\t\t\t\t<\/div>\n\t\t\t\t\t\t<\/article>\n\t\t\t\t\t\t\t\t\t\t\t<article class=\"vt-360-list__card\">\n\t\t\t\t\t\t\t<a class=\"vt-360-list__thumb\" href=\"https:\/\/www.viejotucuman.ar\/?vt_ia360=las-heras-san-martin-y-munecas-c-1900\" aria-label=\"Las Heras (San Mart\u00edn) y Mu\u00f1ecas [c. 1900]\">\n\t\t\t\t\t\t\t\t\t\t\t\t\t\t\t\t\t<img decoding=\"async\" src=\"https:\/\/www.viejotucuman.ar\/wp-content\/uploads\/2026\/04\/sm3.png\" alt=\"Las Heras (San Mart\u00edn) y Mu\u00f1ecas [c. 1900]\">\n\t\t\t\t\t\t\t\t\t\t\t\t\t\t\t<\/a>\n\t\t\t\t\t\t\t<div class=\"vt-360-list__body\">\n\t\t\t\t\t\t\t\t<p class=\"vt-360-list__code\"><\/p>\n\t\t\t\t\t\t\t\t<h3><a href=\"https:\/\/www.viejotucuman.ar\/?vt_ia360=las-heras-san-martin-y-munecas-c-1900\">Las Heras (San Mart\u00edn) y Mu\u00f1ecas [c. 1900]<\/a><\/h3>\n\t\t\t\t\t\t\t\t<p><\/p>\n\t\t\t\t\t\t\t<\/div>\n\t\t\t\t\t\t<\/article>\n\t\t\t\t\t\t\t\t\t\t\t\t<\/div>\n\t\t<\/section>\n\t\t\n","protected":false},"excerpt":{"rendered":"","protected":false},"author":1,"featured_media":0,"parent":0,"menu_order":0,"comment_status":"closed","ping_status":"closed","template":"","meta":{"footnotes":""},"class_list":["post-37877","page","type-page","status-publish","hentry"],"yoast_head":"<!-- This site is optimized with the Yoast SEO plugin v27.4 - https:\/\/yoast.com\/product\/yoast-seo-wordpress\/ -->\n<title>IA 360 - Viejo Tucum\u00e1n<\/title>\n<meta name=\"robots\" content=\"index, follow, max-snippet:-1, max-image-preview:large, max-video-preview:-1\" \/>\n<link rel=\"canonical\" href=\"https:\/\/www.viejotucuman.ar\/?page_id=37877\" \/>\n<meta property=\"og:locale\" content=\"es_ES\" \/>\n<meta property=\"og:type\" content=\"article\" \/>\n<meta property=\"og:title\" content=\"IA 360 - Viejo Tucum\u00e1n\" \/>\n<meta property=\"og:url\" content=\"https:\/\/www.viejotucuman.ar\/?page_id=37877\" \/>\n<meta property=\"og:site_name\" content=\"Viejo Tucum\u00e1n\" \/>\n<meta property=\"article:modified_time\" content=\"2026-04-26T04:03:42+00:00\" \/>\n<meta name=\"twitter:card\" content=\"summary_large_image\" \/>\n<script type=\"application\/ld+json\" class=\"yoast-schema-graph\">{\"@context\":\"https:\\\/\\\/schema.org\",\"@graph\":[{\"@type\":\"WebPage\",\"@id\":\"https:\\\/\\\/www.viejotucuman.ar\\\/?page_id=37877\",\"url\":\"https:\\\/\\\/www.viejotucuman.ar\\\/?page_id=37877\",\"name\":\"IA 360 - Viejo Tucum\u00e1n\",\"isPartOf\":{\"@id\":\"https:\\\/\\\/www.viejotucuman.ar\\\/#website\"},\"datePublished\":\"2026-04-26T03:45:02+00:00\",\"dateModified\":\"2026-04-26T04:03:42+00:00\",\"breadcrumb\":{\"@id\":\"https:\\\/\\\/www.viejotucuman.ar\\\/?page_id=37877#breadcrumb\"},\"inLanguage\":\"es-AR\",\"potentialAction\":[{\"@type\":\"ReadAction\",\"target\":[\"https:\\\/\\\/www.viejotucuman.ar\\\/?page_id=37877\"]}]},{\"@type\":\"BreadcrumbList\",\"@id\":\"https:\\\/\\\/www.viejotucuman.ar\\\/?page_id=37877#breadcrumb\",\"itemListElement\":[{\"@type\":\"ListItem\",\"position\":1,\"name\":\"Inicio\",\"item\":\"https:\\\/\\\/www.viejotucuman.ar\\\/\"},{\"@type\":\"ListItem\",\"position\":2,\"name\":\"IA 360\"}]},{\"@type\":\"WebSite\",\"@id\":\"https:\\\/\\\/www.viejotucuman.ar\\\/#website\",\"url\":\"https:\\\/\\\/www.viejotucuman.ar\\\/\",\"name\":\"Viejo Tucum\u00e1n\",\"description\":\"Mapeo de fotograf\u00edas hist\u00f3ricas de Tucum\u00e1n, Argentina\",\"publisher\":{\"@id\":\"https:\\\/\\\/www.viejotucuman.ar\\\/#organization\"},\"potentialAction\":[{\"@type\":\"SearchAction\",\"target\":{\"@type\":\"EntryPoint\",\"urlTemplate\":\"https:\\\/\\\/www.viejotucuman.ar\\\/?s={search_term_string}\"},\"query-input\":{\"@type\":\"PropertyValueSpecification\",\"valueRequired\":true,\"valueName\":\"search_term_string\"}}],\"inLanguage\":\"es-AR\"},{\"@type\":\"Organization\",\"@id\":\"https:\\\/\\\/www.viejotucuman.ar\\\/#organization\",\"name\":\"Viejo Tucum\u00e1n\",\"url\":\"https:\\\/\\\/www.viejotucuman.ar\\\/\",\"logo\":{\"@type\":\"ImageObject\",\"inLanguage\":\"es-AR\",\"@id\":\"https:\\\/\\\/www.viejotucuman.ar\\\/#\\\/schema\\\/logo\\\/image\\\/\",\"url\":\"https:\\\/\\\/www.viejotucuman.ar\\\/wp-content\\\/uploads\\\/2026\\\/04\\\/imagen-redes.png\",\"contentUrl\":\"https:\\\/\\\/www.viejotucuman.ar\\\/wp-content\\\/uploads\\\/2026\\\/04\\\/imagen-redes.png\",\"width\":1200,\"height\":630,\"caption\":\"Viejo Tucum\u00e1n\"},\"image\":{\"@id\":\"https:\\\/\\\/www.viejotucuman.ar\\\/#\\\/schema\\\/logo\\\/image\\\/\"},\"sameAs\":[\"https:\\\/\\\/www.instagram.com\\\/tucumanantesyahora\"]}]}<\/script>\n<!-- \/ Yoast SEO plugin. -->","yoast_head_json":{"title":"IA 360 - Viejo Tucum\u00e1n","robots":{"index":"index","follow":"follow","max-snippet":"max-snippet:-1","max-image-preview":"max-image-preview:large","max-video-preview":"max-video-preview:-1"},"canonical":"https:\/\/www.viejotucuman.ar\/?page_id=37877","og_locale":"es_ES","og_type":"article","og_title":"IA 360 - Viejo Tucum\u00e1n","og_url":"https:\/\/www.viejotucuman.ar\/?page_id=37877","og_site_name":"Viejo Tucum\u00e1n","article_modified_time":"2026-04-26T04:03:42+00:00","twitter_card":"summary_large_image","schema":{"@context":"https:\/\/schema.org","@graph":[{"@type":"WebPage","@id":"https:\/\/www.viejotucuman.ar\/?page_id=37877","url":"https:\/\/www.viejotucuman.ar\/?page_id=37877","name":"IA 360 - Viejo Tucum\u00e1n","isPartOf":{"@id":"https:\/\/www.viejotucuman.ar\/#website"},"datePublished":"2026-04-26T03:45:02+00:00","dateModified":"2026-04-26T04:03:42+00:00","breadcrumb":{"@id":"https:\/\/www.viejotucuman.ar\/?page_id=37877#breadcrumb"},"inLanguage":"es-AR","potentialAction":[{"@type":"ReadAction","target":["https:\/\/www.viejotucuman.ar\/?page_id=37877"]}]},{"@type":"BreadcrumbList","@id":"https:\/\/www.viejotucuman.ar\/?page_id=37877#breadcrumb","itemListElement":[{"@type":"ListItem","position":1,"name":"Inicio","item":"https:\/\/www.viejotucuman.ar\/"},{"@type":"ListItem","position":2,"name":"IA 360"}]},{"@type":"WebSite","@id":"https:\/\/www.viejotucuman.ar\/#website","url":"https:\/\/www.viejotucuman.ar\/","name":"Viejo Tucum\u00e1n","description":"Mapeo de fotograf\u00edas hist\u00f3ricas de Tucum\u00e1n, Argentina","publisher":{"@id":"https:\/\/www.viejotucuman.ar\/#organization"},"potentialAction":[{"@type":"SearchAction","target":{"@type":"EntryPoint","urlTemplate":"https:\/\/www.viejotucuman.ar\/?s={search_term_string}"},"query-input":{"@type":"PropertyValueSpecification","valueRequired":true,"valueName":"search_term_string"}}],"inLanguage":"es-AR"},{"@type":"Organization","@id":"https:\/\/www.viejotucuman.ar\/#organization","name":"Viejo Tucum\u00e1n","url":"https:\/\/www.viejotucuman.ar\/","logo":{"@type":"ImageObject","inLanguage":"es-AR","@id":"https:\/\/www.viejotucuman.ar\/#\/schema\/logo\/image\/","url":"https:\/\/www.viejotucuman.ar\/wp-content\/uploads\/2026\/04\/imagen-redes.png","contentUrl":"https:\/\/www.viejotucuman.ar\/wp-content\/uploads\/2026\/04\/imagen-redes.png","width":1200,"height":630,"caption":"Viejo Tucum\u00e1n"},"image":{"@id":"https:\/\/www.viejotucuman.ar\/#\/schema\/logo\/image\/"},"sameAs":["https:\/\/www.instagram.com\/tucumanantesyahora"]}]}},"_links":{"self":[{"href":"https:\/\/www.viejotucuman.ar\/index.php?rest_route=\/wp\/v2\/pages\/37877","targetHints":{"allow":["GET"]}}],"collection":[{"href":"https:\/\/www.viejotucuman.ar\/index.php?rest_route=\/wp\/v2\/pages"}],"about":[{"href":"https:\/\/www.viejotucuman.ar\/index.php?rest_route=\/wp\/v2\/types\/page"}],"author":[{"embeddable":true,"href":"https:\/\/www.viejotucuman.ar\/index.php?rest_route=\/wp\/v2\/users\/1"}],"replies":[{"embeddable":true,"href":"https:\/\/www.viejotucuman.ar\/index.php?rest_route=%2Fwp%2Fv2%2Fcomments&post=37877"}],"version-history":[{"count":1,"href":"https:\/\/www.viejotucuman.ar\/index.php?rest_route=\/wp\/v2\/pages\/37877\/revisions"}],"predecessor-version":[{"id":37879,"href":"https:\/\/www.viejotucuman.ar\/index.php?rest_route=\/wp\/v2\/pages\/37877\/revisions\/37879"}],"wp:attachment":[{"href":"https:\/\/www.viejotucuman.ar\/index.php?rest_route=%2Fwp%2Fv2%2Fmedia&parent=37877"}],"curies":[{"name":"wp","href":"https:\/\/api.w.org\/{rel}","templated":true}]}}